{"id":131,"date":"2021-03-23T21:49:17","date_gmt":"2021-03-23T20:49:17","guid":{"rendered":"http:\/\/gtsonry.cluster028.hosting.ovh.net\/ma1845479-ovh\/?page_id=131"},"modified":"2021-03-28T10:44:59","modified_gmt":"2021-03-28T08:44:59","slug":"interventions-formations","status":"publish","type":"page","link":"https:\/\/www.therapiefamiliale.fr\/index.php\/interventions-formations\/","title":{"rendered":"Interventions &#8211; Formations"},"content":{"rendered":"\t\t<div data-elementor-type=\"wp-page\" data-elementor-id=\"131\" class=\"elementor elementor-131\" data-elementor-settings=\"[]\">\n\t\t\t\t\t\t\t<div class=\"elementor-section-wrap\">\n\t\t\t\t\t\t\t<section class=\"elementor-section elementor-top-section elementor-element elementor-element-57d81043 elementor-section-full_width elementor-section-content-top elementor-section-height-default elementor-section-height-default\" data-id=\"57d81043\" data-element_type=\"section\" data-settings=\"{&quot;background_background&quot;:&quot;classic&quot;,&quot;background_motion_fx_opacity_effect&quot;:&quot;yes&quot;,&quot;background_motion_fx_opacity_range&quot;:{&quot;unit&quot;:&quot;%&quot;,&quot;size&quot;:&quot;&quot;,&quot;sizes&quot;:{&quot;start&quot;:&quot;51&quot;,&quot;end&quot;:&quot;76&quot;}},&quot;background_motion_fx_motion_fx_scrolling&quot;:&quot;yes&quot;,&quot;background_motion_fx_opacity_direction&quot;:&quot;in-out&quot;,&quot;background_motion_fx_opacity_level&quot;:{&quot;unit&quot;:&quot;px&quot;,&quot;size&quot;:10,&quot;sizes&quot;:[]},&quot;background_motion_fx_devices&quot;:[&quot;desktop&quot;,&quot;tablet&quot;,&quot;mobile&quot;]}\">\n\t\t\t\t\t\t\t<div class=\"elementor-background-overlay\"><\/div>\n\t\t\t\t\t\t\t<div class=\"elementor-container elementor-column-gap-default\">\n\t\t\t\t\t<div class=\"elementor-column elementor-col-50 elementor-top-column elementor-element elementor-element-13207963\" data-id=\"13207963\" data-element_type=\"column\">\n\t\t\t<div class=\"elementor-widget-wrap elementor-element-populated\">\n\t\t\t\t\t\t\t\t<div class=\"elementor-element elementor-element-fcaf069 elementor-widget elementor-widget-image\" data-id=\"fcaf069\" data-element_type=\"widget\" data-widget_type=\"image.default\">\n\t\t\t\t<div class=\"elementor-widget-container\">\n\t\t\t\t\t<div class=\"elementor-image\">\n\t\t\t\t\t\t\t\t\t\t<img decoding=\"async\" src=\"https:\/\/www.therapiefamiliale.fr\/wp-content\/uploads\/2021\/03\/2021_03_21_23_46_50_Facture_personnalise_.jpg\" title=\"2021_03_21_23_46_50_Facture_personnalis\u00e9_\" alt=\"2021_03_21_23_46_50_Facture_personnalis\u00e9_\" \/>\t\t\t\t\t\t\t\t\t\t\t<\/div>\n\t\t\t\t<\/div>\n\t\t\t\t<\/div>\n\t\t\t\t\t<\/div>\n\t\t<\/div>\n\t\t\t\t<div class=\"elementor-column elementor-col-50 elementor-top-column elementor-element elementor-element-5ed7fd88\" data-id=\"5ed7fd88\" data-element_type=\"column\">\n\t\t\t<div class=\"elementor-widget-wrap elementor-element-populated\">\n\t\t\t\t\t\t\t\t<div class=\"elementor-element elementor-element-1ea9b18 elementor-nav-menu__align-justify elementor-nav-menu--dropdown-none elementor-hidden-desktop elementor-nav-menu--indicator-classic elementor-widget elementor-widget-nav-menu\" data-id=\"1ea9b18\" data-element_type=\"widget\" data-settings=\"{&quot;layout&quot;:&quot;horizontal&quot;}\" data-widget_type=\"nav-menu.default\">\n\t\t\t\t<div class=\"elementor-widget-container\">\n\t\t\t\t\t\t<nav role=\"navigation\" class=\"elementor-nav-menu--main elementor-nav-menu__container elementor-nav-menu--layout-horizontal e--pointer-underline e--animation-fade\"><ul id=\"menu-1-1ea9b18\" class=\"elementor-nav-menu\"><li class=\"menu-item menu-item-type-post_type menu-item-object-page menu-item-home menu-item-67\"><a href=\"https:\/\/www.therapiefamiliale.fr\/\" class=\"elementor-item\">Accueil<\/a><\/li>\n<li class=\"menu-item menu-item-type-post_type menu-item-object-page menu-item-66\"><a href=\"https:\/\/www.therapiefamiliale.fr\/index.php\/equipe\/\" class=\"elementor-item\">Equipe<\/a><\/li>\n<li class=\"menu-item menu-item-type-post_type menu-item-object-page menu-item-80\"><a href=\"https:\/\/www.therapiefamiliale.fr\/index.php\/offre-de-soin\/\" class=\"elementor-item\">Offre de soin<\/a><\/li>\n<li class=\"menu-item menu-item-type-post_type menu-item-object-page menu-item-189\"><a href=\"https:\/\/www.therapiefamiliale.fr\/index.php\/interventions-formations\/\" class=\"elementor-item\">Interventions \u2013 Formations<\/a><\/li>\n<li class=\"menu-item menu-item-type-post_type menu-item-object-page menu-item-188\"><a href=\"https:\/\/www.therapiefamiliale.fr\/index.php\/nous-contacter\/\" class=\"elementor-item\">Nous contacter<\/a><\/li>\n<\/ul><\/nav>\n\t\t\t\t\t<div class=\"elementor-menu-toggle\" role=\"button\" tabindex=\"0\" aria-label=\"Menu Toggle\" aria-expanded=\"false\">\n\t\t\t<i class=\"eicon-menu-bar\" aria-hidden=\"true\"><\/i>\n\t\t\t<span class=\"elementor-screen-only\">Menu<\/span>\n\t\t<\/div>\n\t\t\t<nav class=\"elementor-nav-menu--dropdown elementor-nav-menu__container\" role=\"navigation\" aria-hidden=\"true\"><ul id=\"menu-2-1ea9b18\" class=\"elementor-nav-menu\"><li class=\"menu-item menu-item-type-post_type menu-item-object-page menu-item-home menu-item-67\"><a href=\"https:\/\/www.therapiefamiliale.fr\/\" class=\"elementor-item\">Accueil<\/a><\/li>\n<li class=\"menu-item menu-item-type-post_type menu-item-object-page menu-item-66\"><a href=\"https:\/\/www.therapiefamiliale.fr\/index.php\/equipe\/\" class=\"elementor-item\">Equipe<\/a><\/li>\n<li class=\"menu-item menu-item-type-post_type menu-item-object-page menu-item-80\"><a href=\"https:\/\/www.therapiefamiliale.fr\/index.php\/offre-de-soin\/\" class=\"elementor-item\">Offre de soin<\/a><\/li>\n<li class=\"menu-item menu-item-type-post_type menu-item-object-page menu-item-189\"><a href=\"https:\/\/www.therapiefamiliale.fr\/index.php\/interventions-formations\/\" class=\"elementor-item\">Interventions \u2013 Formations<\/a><\/li>\n<li class=\"menu-item menu-item-type-post_type menu-item-object-page menu-item-188\"><a href=\"https:\/\/www.therapiefamiliale.fr\/index.php\/nous-contacter\/\" class=\"elementor-item\">Nous contacter<\/a><\/li>\n<\/ul><\/nav>\n\t\t\t\t<\/div>\n\t\t\t\t<\/div>\n\t\t\t\t<div class=\"elementor-element elementor-element-646a6da5 elementor-hidden-tablet elementor-hidden-phone elementor-nav-menu--indicator-classic elementor-nav-menu--dropdown-tablet elementor-nav-menu__text-align-aside elementor-nav-menu--toggle elementor-nav-menu--burger elementor-widget elementor-widget-nav-menu\" data-id=\"646a6da5\" data-element_type=\"widget\" data-settings=\"{&quot;layout&quot;:&quot;horizontal&quot;,&quot;toggle&quot;:&quot;burger&quot;}\" data-widget_type=\"nav-menu.default\">\n\t\t\t\t<div class=\"elementor-widget-container\">\n\t\t\t\t\t\t<nav role=\"navigation\" class=\"elementor-nav-menu--main elementor-nav-menu__container elementor-nav-menu--layout-horizontal e--pointer-underline e--animation-fade\"><ul id=\"menu-1-646a6da5\" class=\"elementor-nav-menu\"><li class=\"menu-item menu-item-type-post_type menu-item-object-page menu-item-home menu-item-67\"><a href=\"https:\/\/www.therapiefamiliale.fr\/\" class=\"elementor-item\">Accueil<\/a><\/li>\n<li class=\"menu-item menu-item-type-post_type menu-item-object-page menu-item-66\"><a href=\"https:\/\/www.therapiefamiliale.fr\/index.php\/equipe\/\" class=\"elementor-item\">Equipe<\/a><\/li>\n<li class=\"menu-item menu-item-type-post_type menu-item-object-page menu-item-80\"><a href=\"https:\/\/www.therapiefamiliale.fr\/index.php\/offre-de-soin\/\" class=\"elementor-item\">Offre de soin<\/a><\/li>\n<li class=\"menu-item menu-item-type-post_type menu-item-object-page menu-item-189\"><a href=\"https:\/\/www.therapiefamiliale.fr\/index.php\/interventions-formations\/\" class=\"elementor-item\">Interventions \u2013 Formations<\/a><\/li>\n<li class=\"menu-item menu-item-type-post_type menu-item-object-page menu-item-188\"><a href=\"https:\/\/www.therapiefamiliale.fr\/index.php\/nous-contacter\/\" class=\"elementor-item\">Nous contacter<\/a><\/li>\n<\/ul><\/nav>\n\t\t\t\t\t<div class=\"elementor-menu-toggle\" role=\"button\" tabindex=\"0\" aria-label=\"Menu Toggle\" aria-expanded=\"false\">\n\t\t\t<i class=\"eicon-menu-bar\" aria-hidden=\"true\"><\/i>\n\t\t\t<span class=\"elementor-screen-only\">Menu<\/span>\n\t\t<\/div>\n\t\t\t<nav class=\"elementor-nav-menu--dropdown elementor-nav-menu__container\" role=\"navigation\" aria-hidden=\"true\"><ul id=\"menu-2-646a6da5\" class=\"elementor-nav-menu\"><li class=\"menu-item menu-item-type-post_type menu-item-object-page menu-item-home menu-item-67\"><a href=\"https:\/\/www.therapiefamiliale.fr\/\" class=\"elementor-item\">Accueil<\/a><\/li>\n<li class=\"menu-item menu-item-type-post_type menu-item-object-page menu-item-66\"><a href=\"https:\/\/www.therapiefamiliale.fr\/index.php\/equipe\/\" class=\"elementor-item\">Equipe<\/a><\/li>\n<li class=\"menu-item menu-item-type-post_type menu-item-object-page menu-item-80\"><a href=\"https:\/\/www.therapiefamiliale.fr\/index.php\/offre-de-soin\/\" class=\"elementor-item\">Offre de soin<\/a><\/li>\n<li class=\"menu-item menu-item-type-post_type menu-item-object-page menu-item-189\"><a href=\"https:\/\/www.therapiefamiliale.fr\/index.php\/interventions-formations\/\" class=\"elementor-item\">Interventions \u2013 Formations<\/a><\/li>\n<li class=\"menu-item menu-item-type-post_type menu-item-object-page menu-item-188\"><a href=\"https:\/\/www.therapiefamiliale.fr\/index.php\/nous-contacter\/\" class=\"elementor-item\">Nous contacter<\/a><\/li>\n<\/ul><\/nav>\n\t\t\t\t<\/div>\n\t\t\t\t<\/div>\n\t\t\t\t\t<\/div>\n\t\t<\/div>\n\t\t\t\t\t\t\t<\/div>\n\t\t<\/section>\n\t\t\t\t<section class=\"elementor-section elementor-top-section elementor-element elementor-element-14c136bd elementor-section-boxed elementor-section-height-default elementor-section-height-default\" data-id=\"14c136bd\" data-element_type=\"section\">\n\t\t\t\t\t\t<div class=\"elementor-container elementor-column-gap-default\">\n\t\t\t\t\t<div class=\"elementor-column elementor-col-100 elementor-top-column elementor-element elementor-element-1db56632\" data-id=\"1db56632\" data-element_type=\"column\">\n\t\t\t<div class=\"elementor-widget-wrap elementor-element-populated\">\n\t\t\t\t\t\t\t\t<div class=\"elementor-element elementor-element-48ac04ce elementor-widget elementor-widget-heading\" data-id=\"48ac04ce\" data-element_type=\"widget\" data-widget_type=\"heading.default\">\n\t\t\t\t<div class=\"elementor-widget-container\">\n\t\t\t<h1 class=\"elementor-heading-title elementor-size-default\">Interventions \u2013 Formations<\/h1>\t\t<\/div>\n\t\t\t\t<\/div>\n\t\t\t\t<div class=\"elementor-element elementor-element-75e9c7b elementor-widget elementor-widget-image\" data-id=\"75e9c7b\" data-element_type=\"widget\" data-widget_type=\"image.default\">\n\t\t\t\t<div class=\"elementor-widget-container\">\n\t\t\t\t\t<div class=\"elementor-image\">\n\t\t\t\t\t\t\t\t\t\t<img loading=\"lazy\" decoding=\"async\" width=\"398\" height=\"240\" src=\"https:\/\/www.therapiefamiliale.fr\/wp-content\/uploads\/2021\/03\/240_F_222477248_7caMHj9nINRo32h4kN3WGuKYfRlWY95W.jpg\" class=\"attachment-large size-large\" alt=\"\" srcset=\"https:\/\/www.therapiefamiliale.fr\/wp-content\/uploads\/2021\/03\/240_F_222477248_7caMHj9nINRo32h4kN3WGuKYfRlWY95W.jpg 398w, https:\/\/www.therapiefamiliale.fr\/wp-content\/uploads\/2021\/03\/240_F_222477248_7caMHj9nINRo32h4kN3WGuKYfRlWY95W-300x181.jpg 300w\" sizes=\"(max-width: 398px) 100vw, 398px\" \/>\t\t\t\t\t\t\t\t\t\t\t<\/div>\n\t\t\t\t<\/div>\n\t\t\t\t<\/div>\n\t\t\t\t<div class=\"elementor-element elementor-element-ee19e02 elementor-widget elementor-widget-text-editor\" data-id=\"ee19e02\" data-element_type=\"widget\" data-widget_type=\"text-editor.default\">\n\t\t\t\t<div class=\"elementor-widget-container\">\n\t\t\t\t\t<div class=\"elementor-text-editor elementor-clearfix\"><p style=\"text-align: center;\">Formations journ\u00e9es ou 1\/2 journ\u00e9es<\/p><p style=\"text-align: center;\">Supervisions d&rsquo;\u00e9quipes ponctuelles ou r\u00e9currentes<\/p><p style=\"text-align: center;\">Journ\u00e9es d&rsquo;intervention mixtes : Formation et supervision de situation<\/p><p style=\"text-align: center;\">Participation \u00e0 des colloques<\/p><\/div>\n\t\t\t\t<\/div>\n\t\t\t\t<\/div>\n\t\t\t\t<section class=\"elementor-section elementor-inner-section elementor-element elementor-element-0992ac6 elementor-section-boxed elementor-section-height-default elementor-section-height-default\" data-id=\"0992ac6\" data-element_type=\"section\">\n\t\t\t\t\t\t<div class=\"elementor-container elementor-column-gap-default\">\n\t\t\t\t\t<div class=\"elementor-column elementor-col-50 elementor-inner-column elementor-element elementor-element-7929977 elementor-hidden-tablet elementor-hidden-phone\" data-id=\"7929977\" data-element_type=\"column\">\n\t\t\t<div class=\"elementor-widget-wrap elementor-element-populated\">\n\t\t\t\t\t\t\t\t<div class=\"elementor-element elementor-element-9bdf367 elementor-hidden-tablet elementor-hidden-phone elementor-widget elementor-widget-text-editor\" data-id=\"9bdf367\" data-element_type=\"widget\" data-widget_type=\"text-editor.default\">\n\t\t\t\t<div class=\"elementor-widget-container\">\n\t\t\t\t\t<div class=\"elementor-text-editor elementor-clearfix\"><p><span style=\"text-decoration: underline;\"><strong>Public :\u00a0<\/strong><\/span><\/p><\/div>\n\t\t\t\t<\/div>\n\t\t\t\t<\/div>\n\t\t\t\t\t<\/div>\n\t\t<\/div>\n\t\t\t\t<div class=\"elementor-column elementor-col-50 elementor-inner-column elementor-element elementor-element-2693185\" data-id=\"2693185\" data-element_type=\"column\">\n\t\t\t<div class=\"elementor-widget-wrap elementor-element-populated\">\n\t\t\t\t\t\t\t\t<div class=\"elementor-element elementor-element-39f48b7 elementor-hidden-desktop elementor-widget elementor-widget-text-editor\" data-id=\"39f48b7\" data-element_type=\"widget\" data-widget_type=\"text-editor.default\">\n\t\t\t\t<div class=\"elementor-widget-container\">\n\t\t\t\t\t<div class=\"elementor-text-editor elementor-clearfix\"><p><span style=\"text-decoration: underline;\"><strong>Public :\u00a0<\/strong><\/span><\/p><\/div>\n\t\t\t\t<\/div>\n\t\t\t\t<\/div>\n\t\t\t\t<div class=\"elementor-element elementor-element-688fc91 elementor-widget elementor-widget-text-editor\" data-id=\"688fc91\" data-element_type=\"widget\" data-widget_type=\"text-editor.default\">\n\t\t\t\t<div class=\"elementor-widget-container\">\n\t\t\t\t\t<div class=\"elementor-text-editor elementor-clearfix\"><div>\u00a0<\/div><ul style=\"font-size: 18px; text-align: left; letter-spacing: -0.27px;\"><li style=\"text-align: left;\">Services m\u00e9dicaux sociaux et \u00e9ducatifs : ASE, AEMO, PJJ, PMI, Assistants familiaux, lieux de placements et formations transversales &#8230;<\/li><li style=\"text-align: left;\">Professionnels intervenant dans les proc\u00e9dures judiciaires :\u00a0services de police et de gendarmerie, administrateurs Ad Hoc, juristes &#8230;\u00a0<\/li><li style=\"text-align: left;\">Professionnels m\u00e9dicaux et param\u00e9dicaux : m\u00e9decins, psychologues, orthophonistes, kin\u00e9sith\u00e9rapeutes, ost\u00e9opathes, infirmiers &#8230;<\/li><li style=\"text-align: left;\">Autres : professionnels de l&rsquo;\u00e9ducation nationale, Institut de\u00a0 formation en soins infirmiers, \u00e9coles de formation des travailleurs sociaux &#8230;<\/li><\/ul><\/div>\n\t\t\t\t<\/div>\n\t\t\t\t<\/div>\n\t\t\t\t\t<\/div>\n\t\t<\/div>\n\t\t\t\t\t\t\t<\/div>\n\t\t<\/section>\n\t\t\t\t\t<\/div>\n\t\t<\/div>\n\t\t\t\t\t\t\t<\/div>\n\t\t<\/section>\n\t\t\t\t<section class=\"elementor-section elementor-top-section elementor-element elementor-element-5b10795b elementor-section-full_width elementor-section-height-default elementor-section-height-default\" data-id=\"5b10795b\" data-element_type=\"section\" data-settings=\"{&quot;background_background&quot;:&quot;classic&quot;}\">\n\t\t\t\t\t\t<div class=\"elementor-container elementor-column-gap-default\">\n\t\t\t\t\t<div class=\"elementor-column elementor-col-100 elementor-top-column elementor-element elementor-element-4d8cf57\" data-id=\"4d8cf57\" data-element_type=\"column\">\n\t\t\t<div class=\"elementor-widget-wrap elementor-element-populated\">\n\t\t\t\t\t\t\t\t<div class=\"elementor-element elementor-element-131454ee elementor-widget elementor-widget-image\" data-id=\"131454ee\" data-element_type=\"widget\" data-widget_type=\"image.default\">\n\t\t\t\t<div class=\"elementor-widget-container\">\n\t\t\t\t\t<div class=\"elementor-image\">\n\t\t\t\t\t\t\t\t\t\t<img loading=\"lazy\" decoding=\"async\" width=\"150\" height=\"150\" src=\"https:\/\/www.therapiefamiliale.fr\/wp-content\/uploads\/2021\/03\/2021_03_21_23_46_50_Facture_personnalise_-150x150.jpg\" class=\"attachment-thumbnail size-thumbnail\" alt=\"\" \/>\t\t\t\t\t\t\t\t\t\t\t<\/div>\n\t\t\t\t<\/div>\n\t\t\t\t<\/div>\n\t\t\t\t<div class=\"elementor-element elementor-element-6849cea0 elementor-tablet-align-left elementor-hidden-tablet elementor-icon-list--layout-inline elementor-align-center elementor-list-item-link-full_width elementor-widget elementor-widget-icon-list\" data-id=\"6849cea0\" data-element_type=\"widget\" data-widget_type=\"icon-list.default\">\n\t\t\t\t<div class=\"elementor-widget-container\">\n\t\t\t\t\t<ul class=\"elementor-icon-list-items elementor-inline-items\">\n\t\t\t\t\t\t\t<li class=\"elementor-icon-list-item elementor-inline-item\">\n\t\t\t\t\t\t\t\t\t\t\t<span class=\"elementor-icon-list-icon\">\n\t\t\t\t\t\t\t<i aria-hidden=\"true\" class=\"fas fa-phone\"><\/i>\t\t\t\t\t\t<\/span>\n\t\t\t\t\t\t\t\t\t\t<span class=\"elementor-icon-list-text\">07 83 59 83 65<\/span>\n\t\t\t\t\t\t\t\t\t<\/li>\n\t\t\t\t\t\t\t\t<li class=\"elementor-icon-list-item elementor-inline-item\">\n\t\t\t\t\t\t\t\t\t\t\t<span class=\"elementor-icon-list-icon\">\n\t\t\t\t\t\t\t<i aria-hidden=\"true\" class=\"fas fa-envelope\"><\/i>\t\t\t\t\t\t<\/span>\n\t\t\t\t\t\t\t\t\t\t<span class=\"elementor-icon-list-text\">audrey.montel.psychologue@gmail.com<\/span>\n\t\t\t\t\t\t\t\t\t<\/li>\n\t\t\t\t\t\t\t\t<li class=\"elementor-icon-list-item elementor-inline-item\">\n\t\t\t\t\t<a href=\"https:\/\/www.google.com\/maps\/place\/Audrey+MONTEL+Psychologue\/@46.9916649,3.1561102,15z\/data=!4m5!3m4!1s0x0:0x5518aac344744b44!8m2!3d46.9916649!4d3.1561102\">\t\t\t\t\t\t<span class=\"elementor-icon-list-icon\">\n\t\t\t\t\t\t\t<i aria-hidden=\"true\" class=\"fas fa-map-marker-alt\"><\/i>\t\t\t\t\t\t<\/span>\n\t\t\t\t\t\t\t\t\t\t<span class=\"elementor-icon-list-text\">10 Rue de Lourdes, 58000 Nevers<\/span>\n\t\t\t\t\t\t\t\t\t\t\t<\/a>\n\t\t\t\t\t\t\t\t\t<\/li>\n\t\t\t\t\t\t<\/ul>\n\t\t\t\t<\/div>\n\t\t\t\t<\/div>\n\t\t\t\t\t<\/div>\n\t\t<\/div>\n\t\t\t\t\t\t\t<\/div>\n\t\t<\/section>\n\t\t\t\t\t\t<\/div>\n\t\t\t\t\t<\/div>\n\t\t","protected":false},"excerpt":{"rendered":"<p>Interventions \u2013 Formations Formations journ\u00e9es ou 1\/2 journ\u00e9es Supervisions d&rsquo;\u00e9quipes ponctuelles ou r\u00e9currentes Journ\u00e9es d&rsquo;intervention mixtes : Formation et supervision de situation Participation \u00e0 des colloques Public :\u00a0 Public :\u00a0 \u00a0 Services m\u00e9dicaux sociaux et \u00e9ducatifs : ASE, AEMO, PJJ, PMI, Assistants familiaux, lieux de placements et formations transversales &#8230; Professionnels intervenant dans les proc\u00e9dures [&hellip;]<\/p>\n","protected":false},"author":1,"featured_media":0,"parent":0,"menu_order":0,"comment_status":"closed","ping_status":"closed","template":"elementor_canvas","meta":{"footnotes":""},"_links":{"self":[{"href":"https:\/\/www.therapiefamiliale.fr\/index.php\/wp-json\/wp\/v2\/pages\/131"}],"collection":[{"href":"https:\/\/www.therapiefamiliale.fr\/index.php\/wp-json\/wp\/v2\/pages"}],"about":[{"href":"https:\/\/www.therapiefamiliale.fr\/index.php\/wp-json\/wp\/v2\/types\/page"}],"author":[{"embeddable":true,"href":"https:\/\/www.therapiefamiliale.fr\/index.php\/wp-json\/wp\/v2\/users\/1"}],"replies":[{"embeddable":true,"href":"https:\/\/www.therapiefamiliale.fr\/index.php\/wp-json\/wp\/v2\/comments?post=131"}],"version-history":[{"count":58,"href":"https:\/\/www.therapiefamiliale.fr\/index.php\/wp-json\/wp\/v2\/pages\/131\/revisions"}],"predecessor-version":[{"id":536,"href":"https:\/\/www.therapiefamiliale.fr\/index.php\/wp-json\/wp\/v2\/pages\/131\/revisions\/536"}],"wp:attachment":[{"href":"https:\/\/www.therapiefamiliale.fr\/index.php\/wp-json\/wp\/v2\/media?parent=131"}],"curies":[{"name":"wp","href":"https:\/\/api.w.org\/{rel}","templated":true}]}}