{"id":68,"date":"2021-03-22T01:24:38","date_gmt":"2021-03-22T00:24:38","guid":{"rendered":"http:\/\/gtsonry.cluster028.hosting.ovh.net\/ma1845479-ovh\/?page_id=68"},"modified":"2021-03-27T07:53:27","modified_gmt":"2021-03-27T06:53:27","slug":"offre-de-soin","status":"publish","type":"page","link":"https:\/\/www.therapiefamiliale.fr\/index.php\/offre-de-soin\/","title":{"rendered":"Offre de soin"},"content":{"rendered":"\t\t<div data-elementor-type=\"wp-page\" data-elementor-id=\"68\" class=\"elementor elementor-68\" data-elementor-settings=\"[]\">\n\t\t\t\t\t\t\t<div class=\"elementor-section-wrap\">\n\t\t\t\t\t\t\t<section class=\"elementor-section elementor-top-section elementor-element elementor-element-791a61a9 elementor-section-full_width elementor-section-content-top elementor-section-height-default elementor-section-height-default\" data-id=\"791a61a9\" data-element_type=\"section\" data-settings=\"{&quot;background_background&quot;:&quot;classic&quot;,&quot;background_motion_fx_opacity_effect&quot;:&quot;yes&quot;,&quot;background_motion_fx_opacity_range&quot;:{&quot;unit&quot;:&quot;%&quot;,&quot;size&quot;:&quot;&quot;,&quot;sizes&quot;:{&quot;start&quot;:&quot;51&quot;,&quot;end&quot;:&quot;76&quot;}},&quot;background_motion_fx_motion_fx_scrolling&quot;:&quot;yes&quot;,&quot;background_motion_fx_opacity_direction&quot;:&quot;in-out&quot;,&quot;background_motion_fx_opacity_level&quot;:{&quot;unit&quot;:&quot;px&quot;,&quot;size&quot;:10,&quot;sizes&quot;:[]},&quot;background_motion_fx_devices&quot;:[&quot;desktop&quot;,&quot;tablet&quot;,&quot;mobile&quot;]}\">\n\t\t\t\t\t\t\t<div class=\"elementor-background-overlay\"><\/div>\n\t\t\t\t\t\t\t<div class=\"elementor-container elementor-column-gap-default\">\n\t\t\t\t\t<div class=\"elementor-column elementor-col-50 elementor-top-column elementor-element elementor-element-1833ac47\" data-id=\"1833ac47\" data-element_type=\"column\">\n\t\t\t<div class=\"elementor-widget-wrap elementor-element-populated\">\n\t\t\t\t\t\t\t\t<div class=\"elementor-element elementor-element-2e29ef9 elementor-widget elementor-widget-image\" data-id=\"2e29ef9\" data-element_type=\"widget\" data-widget_type=\"image.default\">\n\t\t\t\t<div class=\"elementor-widget-container\">\n\t\t\t\t\t<div class=\"elementor-image\">\n\t\t\t\t\t\t\t\t\t\t<img decoding=\"async\" src=\"https:\/\/www.therapiefamiliale.fr\/wp-content\/uploads\/2021\/03\/2021_03_21_23_46_50_Facture_personnalise_.jpg\" title=\"2021_03_21_23_46_50_Facture_personnalis\u00e9_\" alt=\"2021_03_21_23_46_50_Facture_personnalis\u00e9_\" \/>\t\t\t\t\t\t\t\t\t\t\t<\/div>\n\t\t\t\t<\/div>\n\t\t\t\t<\/div>\n\t\t\t\t\t<\/div>\n\t\t<\/div>\n\t\t\t\t<div class=\"elementor-column elementor-col-50 elementor-top-column elementor-element elementor-element-13f17fd3\" data-id=\"13f17fd3\" data-element_type=\"column\">\n\t\t\t<div class=\"elementor-widget-wrap elementor-element-populated\">\n\t\t\t\t\t\t\t\t<div class=\"elementor-element elementor-element-776f2ae8 elementor-nav-menu__align-justify elementor-nav-menu--dropdown-none elementor-hidden-desktop elementor-nav-menu--indicator-classic elementor-widget elementor-widget-nav-menu\" data-id=\"776f2ae8\" data-element_type=\"widget\" data-settings=\"{&quot;layout&quot;:&quot;horizontal&quot;}\" data-widget_type=\"nav-menu.default\">\n\t\t\t\t<div class=\"elementor-widget-container\">\n\t\t\t\t\t\t<nav role=\"navigation\" class=\"elementor-nav-menu--main elementor-nav-menu__container elementor-nav-menu--layout-horizontal e--pointer-underline e--animation-fade\"><ul id=\"menu-1-776f2ae8\" class=\"elementor-nav-menu\"><li class=\"menu-item menu-item-type-post_type menu-item-object-page menu-item-home menu-item-67\"><a href=\"https:\/\/www.therapiefamiliale.fr\/\" class=\"elementor-item\">Accueil<\/a><\/li>\n<li class=\"menu-item menu-item-type-post_type menu-item-object-page menu-item-66\"><a href=\"https:\/\/www.therapiefamiliale.fr\/index.php\/equipe\/\" class=\"elementor-item\">Equipe<\/a><\/li>\n<li class=\"menu-item menu-item-type-post_type menu-item-object-page menu-item-80\"><a href=\"https:\/\/www.therapiefamiliale.fr\/index.php\/offre-de-soin\/\" class=\"elementor-item\">Offre de soin<\/a><\/li>\n<li class=\"menu-item menu-item-type-post_type menu-item-object-page menu-item-189\"><a href=\"https:\/\/www.therapiefamiliale.fr\/index.php\/interventions-formations\/\" class=\"elementor-item\">Interventions \u2013 Formations<\/a><\/li>\n<li class=\"menu-item menu-item-type-post_type menu-item-object-page menu-item-188\"><a href=\"https:\/\/www.therapiefamiliale.fr\/index.php\/nous-contacter\/\" class=\"elementor-item\">Nous contacter<\/a><\/li>\n<\/ul><\/nav>\n\t\t\t\t\t<div class=\"elementor-menu-toggle\" role=\"button\" tabindex=\"0\" aria-label=\"Menu Toggle\" aria-expanded=\"false\">\n\t\t\t<i class=\"eicon-menu-bar\" aria-hidden=\"true\"><\/i>\n\t\t\t<span class=\"elementor-screen-only\">Menu<\/span>\n\t\t<\/div>\n\t\t\t<nav class=\"elementor-nav-menu--dropdown elementor-nav-menu__container\" role=\"navigation\" aria-hidden=\"true\"><ul id=\"menu-2-776f2ae8\" class=\"elementor-nav-menu\"><li class=\"menu-item menu-item-type-post_type menu-item-object-page menu-item-home menu-item-67\"><a href=\"https:\/\/www.therapiefamiliale.fr\/\" class=\"elementor-item\">Accueil<\/a><\/li>\n<li class=\"menu-item menu-item-type-post_type menu-item-object-page menu-item-66\"><a href=\"https:\/\/www.therapiefamiliale.fr\/index.php\/equipe\/\" class=\"elementor-item\">Equipe<\/a><\/li>\n<li class=\"menu-item menu-item-type-post_type menu-item-object-page menu-item-80\"><a href=\"https:\/\/www.therapiefamiliale.fr\/index.php\/offre-de-soin\/\" class=\"elementor-item\">Offre de soin<\/a><\/li>\n<li class=\"menu-item menu-item-type-post_type menu-item-object-page menu-item-189\"><a href=\"https:\/\/www.therapiefamiliale.fr\/index.php\/interventions-formations\/\" class=\"elementor-item\">Interventions \u2013 Formations<\/a><\/li>\n<li class=\"menu-item menu-item-type-post_type menu-item-object-page menu-item-188\"><a href=\"https:\/\/www.therapiefamiliale.fr\/index.php\/nous-contacter\/\" class=\"elementor-item\">Nous contacter<\/a><\/li>\n<\/ul><\/nav>\n\t\t\t\t<\/div>\n\t\t\t\t<\/div>\n\t\t\t\t<div class=\"elementor-element elementor-element-6816c320 elementor-hidden-tablet elementor-hidden-phone elementor-nav-menu--indicator-classic elementor-nav-menu--dropdown-tablet elementor-nav-menu__text-align-aside elementor-nav-menu--toggle elementor-nav-menu--burger elementor-widget elementor-widget-nav-menu\" data-id=\"6816c320\" data-element_type=\"widget\" data-settings=\"{&quot;layout&quot;:&quot;horizontal&quot;,&quot;toggle&quot;:&quot;burger&quot;}\" data-widget_type=\"nav-menu.default\">\n\t\t\t\t<div class=\"elementor-widget-container\">\n\t\t\t\t\t\t<nav role=\"navigation\" class=\"elementor-nav-menu--main elementor-nav-menu__container elementor-nav-menu--layout-horizontal e--pointer-underline e--animation-fade\"><ul id=\"menu-1-6816c320\" class=\"elementor-nav-menu\"><li class=\"menu-item menu-item-type-post_type menu-item-object-page menu-item-home menu-item-67\"><a href=\"https:\/\/www.therapiefamiliale.fr\/\" class=\"elementor-item\">Accueil<\/a><\/li>\n<li class=\"menu-item menu-item-type-post_type menu-item-object-page menu-item-66\"><a href=\"https:\/\/www.therapiefamiliale.fr\/index.php\/equipe\/\" class=\"elementor-item\">Equipe<\/a><\/li>\n<li class=\"menu-item menu-item-type-post_type menu-item-object-page menu-item-80\"><a href=\"https:\/\/www.therapiefamiliale.fr\/index.php\/offre-de-soin\/\" class=\"elementor-item\">Offre de soin<\/a><\/li>\n<li class=\"menu-item menu-item-type-post_type menu-item-object-page menu-item-189\"><a href=\"https:\/\/www.therapiefamiliale.fr\/index.php\/interventions-formations\/\" class=\"elementor-item\">Interventions \u2013 Formations<\/a><\/li>\n<li class=\"menu-item menu-item-type-post_type menu-item-object-page menu-item-188\"><a href=\"https:\/\/www.therapiefamiliale.fr\/index.php\/nous-contacter\/\" class=\"elementor-item\">Nous contacter<\/a><\/li>\n<\/ul><\/nav>\n\t\t\t\t\t<div class=\"elementor-menu-toggle\" role=\"button\" tabindex=\"0\" aria-label=\"Menu Toggle\" aria-expanded=\"false\">\n\t\t\t<i class=\"eicon-menu-bar\" aria-hidden=\"true\"><\/i>\n\t\t\t<span class=\"elementor-screen-only\">Menu<\/span>\n\t\t<\/div>\n\t\t\t<nav class=\"elementor-nav-menu--dropdown elementor-nav-menu__container\" role=\"navigation\" aria-hidden=\"true\"><ul id=\"menu-2-6816c320\" class=\"elementor-nav-menu\"><li class=\"menu-item menu-item-type-post_type menu-item-object-page menu-item-home menu-item-67\"><a href=\"https:\/\/www.therapiefamiliale.fr\/\" class=\"elementor-item\">Accueil<\/a><\/li>\n<li class=\"menu-item menu-item-type-post_type menu-item-object-page menu-item-66\"><a href=\"https:\/\/www.therapiefamiliale.fr\/index.php\/equipe\/\" class=\"elementor-item\">Equipe<\/a><\/li>\n<li class=\"menu-item menu-item-type-post_type menu-item-object-page menu-item-80\"><a href=\"https:\/\/www.therapiefamiliale.fr\/index.php\/offre-de-soin\/\" class=\"elementor-item\">Offre de soin<\/a><\/li>\n<li class=\"menu-item menu-item-type-post_type menu-item-object-page menu-item-189\"><a href=\"https:\/\/www.therapiefamiliale.fr\/index.php\/interventions-formations\/\" class=\"elementor-item\">Interventions \u2013 Formations<\/a><\/li>\n<li class=\"menu-item menu-item-type-post_type menu-item-object-page menu-item-188\"><a href=\"https:\/\/www.therapiefamiliale.fr\/index.php\/nous-contacter\/\" class=\"elementor-item\">Nous contacter<\/a><\/li>\n<\/ul><\/nav>\n\t\t\t\t<\/div>\n\t\t\t\t<\/div>\n\t\t\t\t\t<\/div>\n\t\t<\/div>\n\t\t\t\t\t\t\t<\/div>\n\t\t<\/section>\n\t\t\t\t<section class=\"elementor-section elementor-top-section elementor-element elementor-element-35a76576 elementor-section-boxed elementor-section-height-default elementor-section-height-default\" data-id=\"35a76576\" data-element_type=\"section\">\n\t\t\t\t\t\t<div class=\"elementor-container elementor-column-gap-default\">\n\t\t\t\t\t<div class=\"elementor-column elementor-col-100 elementor-top-column elementor-element elementor-element-65d0ebc0\" data-id=\"65d0ebc0\" data-element_type=\"column\">\n\t\t\t<div class=\"elementor-widget-wrap elementor-element-populated\">\n\t\t\t\t\t\t\t\t<div class=\"elementor-element elementor-element-6664abec elementor-widget elementor-widget-heading\" data-id=\"6664abec\" data-element_type=\"widget\" data-widget_type=\"heading.default\">\n\t\t\t\t<div class=\"elementor-widget-container\">\n\t\t\t<h1 class=\"elementor-heading-title elementor-size-default\">Offre de soin<\/h1>\t\t<\/div>\n\t\t\t\t<\/div>\n\t\t\t\t<section class=\"elementor-section elementor-inner-section elementor-element elementor-element-445834f elementor-section-boxed elementor-section-height-default elementor-section-height-default\" data-id=\"445834f\" data-element_type=\"section\">\n\t\t\t\t\t\t<div class=\"elementor-container elementor-column-gap-default\">\n\t\t\t\t\t<div class=\"elementor-column elementor-col-50 elementor-inner-column elementor-element elementor-element-495faed\" data-id=\"495faed\" data-element_type=\"column\">\n\t\t\t<div class=\"elementor-widget-wrap elementor-element-populated\">\n\t\t\t\t\t\t\t\t<div class=\"elementor-element elementor-element-1339fc1 elementor-widget elementor-widget-image\" data-id=\"1339fc1\" data-element_type=\"widget\" data-widget_type=\"image.default\">\n\t\t\t\t<div class=\"elementor-widget-container\">\n\t\t\t\t\t<div class=\"elementor-image\">\n\t\t\t\t\t\t\t\t\t\t<img loading=\"lazy\" decoding=\"async\" width=\"404\" height=\"240\" src=\"https:\/\/www.therapiefamiliale.fr\/wp-content\/uploads\/2021\/03\/Individuel.jpg\" class=\"attachment-large size-large\" alt=\"\" srcset=\"https:\/\/www.therapiefamiliale.fr\/wp-content\/uploads\/2021\/03\/Individuel.jpg 404w, https:\/\/www.therapiefamiliale.fr\/wp-content\/uploads\/2021\/03\/Individuel-300x178.jpg 300w\" sizes=\"(max-width: 404px) 100vw, 404px\" \/>\t\t\t\t\t\t\t\t\t\t\t<\/div>\n\t\t\t\t<\/div>\n\t\t\t\t<\/div>\n\t\t\t\t<div class=\"elementor-element elementor-element-5122928 elementor-widget elementor-widget-text-editor\" data-id=\"5122928\" data-element_type=\"widget\" data-widget_type=\"text-editor.default\">\n\t\t\t\t<div class=\"elementor-widget-container\">\n\t\t\t\t\t<div class=\"elementor-text-editor elementor-clearfix\"><p style=\"text-align: center;\"><span style=\"letter-spacing: -0.27px;\"><b>\u00a0Th\u00e9rapie individuelle<\/b><\/span><\/p><p style=\"text-align: left;\"><span style=\"letter-spacing: -0.27px;\">Th\u00e9rapie se d\u00e9roulant en face \u00e0 face. Elle vise une am\u00e9lioration de la qualit\u00e9 de vie de la personne.<\/span><\/p><p style=\"text-align: center;\"><span style=\"letter-spacing: -0.27px;\">\u00a0<\/span><\/p><\/div>\n\t\t\t\t<\/div>\n\t\t\t\t<\/div>\n\t\t\t\t\t<\/div>\n\t\t<\/div>\n\t\t\t\t<div class=\"elementor-column elementor-col-50 elementor-inner-column elementor-element elementor-element-efe7ef5\" data-id=\"efe7ef5\" data-element_type=\"column\">\n\t\t\t<div class=\"elementor-widget-wrap elementor-element-populated\">\n\t\t\t\t\t\t\t\t<div class=\"elementor-element elementor-element-e3d87a3 elementor-widget elementor-widget-image\" data-id=\"e3d87a3\" data-element_type=\"widget\" data-widget_type=\"image.default\">\n\t\t\t\t<div class=\"elementor-widget-container\">\n\t\t\t\t\t<div class=\"elementor-image\">\n\t\t\t\t\t\t\t\t\t\t<img loading=\"lazy\" decoding=\"async\" width=\"386\" height=\"240\" src=\"https:\/\/www.therapiefamiliale.fr\/wp-content\/uploads\/2021\/03\/240_F_275606486_vgnJHRJlfiKNCqLb3yPQKCnqQVsYJ2f4.jpg\" class=\"attachment-large size-large\" alt=\"\" srcset=\"https:\/\/www.therapiefamiliale.fr\/wp-content\/uploads\/2021\/03\/240_F_275606486_vgnJHRJlfiKNCqLb3yPQKCnqQVsYJ2f4.jpg 386w, https:\/\/www.therapiefamiliale.fr\/wp-content\/uploads\/2021\/03\/240_F_275606486_vgnJHRJlfiKNCqLb3yPQKCnqQVsYJ2f4-300x187.jpg 300w\" sizes=\"(max-width: 386px) 100vw, 386px\" \/>\t\t\t\t\t\t\t\t\t\t\t<\/div>\n\t\t\t\t<\/div>\n\t\t\t\t<\/div>\n\t\t\t\t<div class=\"elementor-element elementor-element-a70a3b5 elementor-widget elementor-widget-text-editor\" data-id=\"a70a3b5\" data-element_type=\"widget\" data-widget_type=\"text-editor.default\">\n\t\t\t\t<div class=\"elementor-widget-container\">\n\t\t\t\t\t<div class=\"elementor-text-editor elementor-clearfix\"><p style=\"text-align: center;\"><b>Th\u00e9rapie de couple\u00a0<\/b><\/p><p style=\"text-align: left;\">Th\u00e9rapie s&rsquo;adressant aux deux membres d&rsquo;un couple dans le but de favoriser l&rsquo;\u00e9mergence d&rsquo;une nouvelle forme de communication plus harmonieuse et plus sereine.\u00a0<\/p><p style=\"text-align: center;\">\u00a0<\/p><\/div>\n\t\t\t\t<\/div>\n\t\t\t\t<\/div>\n\t\t\t\t\t<\/div>\n\t\t<\/div>\n\t\t\t\t\t\t\t<\/div>\n\t\t<\/section>\n\t\t\t\t<section class=\"elementor-section elementor-inner-section elementor-element elementor-element-1a1545b3 elementor-section-content-middle elementor-section-boxed elementor-section-height-default elementor-section-height-default\" data-id=\"1a1545b3\" data-element_type=\"section\">\n\t\t\t\t\t\t<div class=\"elementor-container elementor-column-gap-default\">\n\t\t\t\t\t<div class=\"elementor-column elementor-col-50 elementor-inner-column elementor-element elementor-element-223d1867\" data-id=\"223d1867\" data-element_type=\"column\">\n\t\t\t<div class=\"elementor-widget-wrap elementor-element-populated\">\n\t\t\t\t\t\t\t\t<div class=\"elementor-element elementor-element-ef2166b elementor-widget elementor-widget-image\" data-id=\"ef2166b\" data-element_type=\"widget\" data-widget_type=\"image.default\">\n\t\t\t\t<div class=\"elementor-widget-container\">\n\t\t\t\t\t<div class=\"elementor-image\">\n\t\t\t\t\t\t\t\t\t\t<img loading=\"lazy\" decoding=\"async\" width=\"580\" height=\"193\" src=\"https:\/\/www.therapiefamiliale.fr\/wp-content\/uploads\/2021\/03\/240_F_216733837_2dVJNRxKTI5dBN6B2ms2p8infYHfM1CF.jpg\" class=\"attachment-large size-large\" alt=\"\" srcset=\"https:\/\/www.therapiefamiliale.fr\/wp-content\/uploads\/2021\/03\/240_F_216733837_2dVJNRxKTI5dBN6B2ms2p8infYHfM1CF.jpg 720w, https:\/\/www.therapiefamiliale.fr\/wp-content\/uploads\/2021\/03\/240_F_216733837_2dVJNRxKTI5dBN6B2ms2p8infYHfM1CF-300x100.jpg 300w\" sizes=\"(max-width: 580px) 100vw, 580px\" \/>\t\t\t\t\t\t\t\t\t\t\t<\/div>\n\t\t\t\t<\/div>\n\t\t\t\t<\/div>\n\t\t\t\t<div class=\"elementor-element elementor-element-34af2cf elementor-widget elementor-widget-text-editor\" data-id=\"34af2cf\" data-element_type=\"widget\" data-widget_type=\"text-editor.default\">\n\t\t\t\t<div class=\"elementor-widget-container\">\n\t\t\t\t\t<div class=\"elementor-text-editor elementor-clearfix\"><\/div>\n\t\t\t\t<\/div>\n\t\t\t\t<\/div>\n\t\t\t\t\t<\/div>\n\t\t<\/div>\n\t\t\t\t<div class=\"elementor-column elementor-col-50 elementor-inner-column elementor-element elementor-element-6aa8776c\" data-id=\"6aa8776c\" data-element_type=\"column\">\n\t\t\t<div class=\"elementor-widget-wrap elementor-element-populated\">\n\t\t\t\t\t\t\t\t<div class=\"elementor-element elementor-element-76151c6 elementor-hidden-tablet elementor-hidden-phone elementor-widget elementor-widget-image\" data-id=\"76151c6\" data-element_type=\"widget\" data-widget_type=\"image.default\">\n\t\t\t\t<div class=\"elementor-widget-container\">\n\t\t\t\t\t<div class=\"elementor-image\">\n\t\t\t\t\t\t\t\t\t\t<img loading=\"lazy\" decoding=\"async\" width=\"360\" height=\"240\" src=\"https:\/\/www.therapiefamiliale.fr\/wp-content\/uploads\/2021\/03\/240_F_304603275_lZjDGwM1cejpVxU3fO1qdxDkakA0RlL2.jpg\" class=\"attachment-large size-large\" alt=\"\" srcset=\"https:\/\/www.therapiefamiliale.fr\/wp-content\/uploads\/2021\/03\/240_F_304603275_lZjDGwM1cejpVxU3fO1qdxDkakA0RlL2.jpg 360w, https:\/\/www.therapiefamiliale.fr\/wp-content\/uploads\/2021\/03\/240_F_304603275_lZjDGwM1cejpVxU3fO1qdxDkakA0RlL2-300x200.jpg 300w\" sizes=\"(max-width: 360px) 100vw, 360px\" \/>\t\t\t\t\t\t\t\t\t\t\t<\/div>\n\t\t\t\t<\/div>\n\t\t\t\t<\/div>\n\t\t\t\t\t<\/div>\n\t\t<\/div>\n\t\t\t\t\t\t\t<\/div>\n\t\t<\/section>\n\t\t\t\t<section class=\"elementor-section elementor-inner-section elementor-element elementor-element-e614068 elementor-section-content-middle elementor-section-boxed elementor-section-height-default elementor-section-height-default\" data-id=\"e614068\" data-element_type=\"section\">\n\t\t\t\t\t\t<div class=\"elementor-container elementor-column-gap-default\">\n\t\t\t\t\t<div class=\"elementor-column elementor-col-50 elementor-inner-column elementor-element elementor-element-7921a84\" data-id=\"7921a84\" data-element_type=\"column\">\n\t\t\t<div class=\"elementor-widget-wrap elementor-element-populated\">\n\t\t\t\t\t\t\t\t<div class=\"elementor-element elementor-element-c22f7c8 elementor-widget elementor-widget-text-editor\" data-id=\"c22f7c8\" data-element_type=\"widget\" data-widget_type=\"text-editor.default\">\n\t\t\t\t<div class=\"elementor-widget-container\">\n\t\t\t\t\t<div class=\"elementor-text-editor elementor-clearfix\"><\/div>\n\t\t\t\t<\/div>\n\t\t\t\t<\/div>\n\t\t\t\t<div class=\"elementor-element elementor-element-ad66e72 elementor-widget elementor-widget-text-editor\" data-id=\"ad66e72\" data-element_type=\"widget\" data-widget_type=\"text-editor.default\">\n\t\t\t\t<div class=\"elementor-widget-container\">\n\t\t\t\t\t<div class=\"elementor-text-editor elementor-clearfix\"><p style=\"text-align: center;\"><span style=\"font-size: inherit; color: var( --e-global-color-text ); font-family: var( --e-global-typography-text-font-family ), Sans-serif; letter-spacing: -0.015em;\"><b>Th\u00e9rapie Familiale\u00a0<\/b><\/span><\/p><p style=\"text-align: left;\">Prise en charge th\u00e9rapeutique d&rsquo;une famille. Cette forme de th\u00e9rapie s&rsquo;int\u00e9resse particuli\u00e8rement aux relations et aux interactions entre les membres de la famille.<\/p><p style=\"text-align: left;\">Elle a pour but de favoriser les \u00e9changes et de trouver de nouveaux modes de communication au sein de la famille.<\/p><\/div>\n\t\t\t\t<\/div>\n\t\t\t\t<\/div>\n\t\t\t\t<div class=\"elementor-element elementor-element-a2a7c5e elementor-hidden-desktop elementor-widget elementor-widget-image\" data-id=\"a2a7c5e\" data-element_type=\"widget\" data-widget_type=\"image.default\">\n\t\t\t\t<div class=\"elementor-widget-container\">\n\t\t\t\t\t<div class=\"elementor-image\">\n\t\t\t\t\t\t\t\t\t\t<img loading=\"lazy\" decoding=\"async\" width=\"360\" height=\"240\" src=\"https:\/\/www.therapiefamiliale.fr\/wp-content\/uploads\/2021\/03\/240_F_304603275_lZjDGwM1cejpVxU3fO1qdxDkakA0RlL2.jpg\" class=\"attachment-large size-large\" alt=\"\" srcset=\"https:\/\/www.therapiefamiliale.fr\/wp-content\/uploads\/2021\/03\/240_F_304603275_lZjDGwM1cejpVxU3fO1qdxDkakA0RlL2.jpg 360w, https:\/\/www.therapiefamiliale.fr\/wp-content\/uploads\/2021\/03\/240_F_304603275_lZjDGwM1cejpVxU3fO1qdxDkakA0RlL2-300x200.jpg 300w\" sizes=\"(max-width: 360px) 100vw, 360px\" \/>\t\t\t\t\t\t\t\t\t\t\t<\/div>\n\t\t\t\t<\/div>\n\t\t\t\t<\/div>\n\t\t\t\t\t<\/div>\n\t\t<\/div>\n\t\t\t\t<div class=\"elementor-column elementor-col-50 elementor-inner-column elementor-element elementor-element-98ddabe\" data-id=\"98ddabe\" data-element_type=\"column\">\n\t\t\t<div class=\"elementor-widget-wrap elementor-element-populated\">\n\t\t\t\t\t\t\t\t<div class=\"elementor-element elementor-element-c2246e9 elementor-widget elementor-widget-text-editor\" data-id=\"c2246e9\" data-element_type=\"widget\" data-widget_type=\"text-editor.default\">\n\t\t\t\t<div class=\"elementor-widget-container\">\n\t\t\t\t\t<div class=\"elementor-text-editor elementor-clearfix\"><p style=\"text-align: center;\"><b>Th\u00e9rapie Familiale de r\u00e9seau&nbsp;<\/b><\/p>\n<p style=\"text-align: left;\">Cette forme de th\u00e9rapie s&rsquo;adresse aux mineurs confi\u00e9s aux services de protection de l&rsquo;enfance et \u00e0 leurs familles dans le respect du cadre pos\u00e9 par le Juge de Enfants.<\/p>\n<p style=\"text-align: left;\">Ce dispositif repose sur la participation active des th\u00e9rapeutes et des professionnels qui accompagnent ces mineurs victimes et\/ou auteurs.<\/p>\n<p style=\"text-align: left;\">La mise en commun des regards et des ressources professionnelles favorise l&rsquo;\u00e9mergence d&rsquo;un nouveau regard port\u00e9 sur le jeune, de solutions nouvelles. Elle renforce la communication et la compr\u00e9hension entre les diff\u00e9rents acteurs et permet d&rsquo;am\u00e9liorer l&rsquo;efficacit\u00e9 des des interventions de chacun.<\/p>\n<p style=\"text-align: left;\">Ce dispositif th\u00e9rapeutique favorise le changement et l&rsquo;\u00e9volution dans la situation du mineur, ainsi que la diminution des troubles qu&rsquo;il pr\u00e9sente.<\/p><\/div>\n\t\t\t\t<\/div>\n\t\t\t\t<\/div>\n\t\t\t\t\t<\/div>\n\t\t<\/div>\n\t\t\t\t\t\t\t<\/div>\n\t\t<\/section>\n\t\t\t\t\t<\/div>\n\t\t<\/div>\n\t\t\t\t\t\t\t<\/div>\n\t\t<\/section>\n\t\t\t\t<section class=\"elementor-section elementor-top-section elementor-element elementor-element-1ebfc498 elementor-section-full_width elementor-section-height-default elementor-section-height-default\" data-id=\"1ebfc498\" data-element_type=\"section\" data-settings=\"{&quot;background_background&quot;:&quot;classic&quot;}\">\n\t\t\t\t\t\t<div class=\"elementor-container elementor-column-gap-default\">\n\t\t\t\t\t<div class=\"elementor-column elementor-col-100 elementor-top-column elementor-element elementor-element-5d536acc\" data-id=\"5d536acc\" data-element_type=\"column\">\n\t\t\t<div class=\"elementor-widget-wrap elementor-element-populated\">\n\t\t\t\t\t\t\t\t<div class=\"elementor-element elementor-element-2ee0249c elementor-widget elementor-widget-image\" data-id=\"2ee0249c\" data-element_type=\"widget\" data-widget_type=\"image.default\">\n\t\t\t\t<div class=\"elementor-widget-container\">\n\t\t\t\t\t<div class=\"elementor-image\">\n\t\t\t\t\t\t\t\t\t\t<img loading=\"lazy\" decoding=\"async\" width=\"150\" height=\"150\" src=\"https:\/\/www.therapiefamiliale.fr\/wp-content\/uploads\/2021\/03\/2021_03_21_23_46_50_Facture_personnalise_-150x150.jpg\" class=\"attachment-thumbnail size-thumbnail\" alt=\"\" \/>\t\t\t\t\t\t\t\t\t\t\t<\/div>\n\t\t\t\t<\/div>\n\t\t\t\t<\/div>\n\t\t\t\t<div class=\"elementor-element elementor-element-58b9a965 elementor-tablet-align-left elementor-hidden-tablet elementor-icon-list--layout-inline elementor-align-center elementor-list-item-link-full_width elementor-widget elementor-widget-icon-list\" data-id=\"58b9a965\" data-element_type=\"widget\" data-widget_type=\"icon-list.default\">\n\t\t\t\t<div class=\"elementor-widget-container\">\n\t\t\t\t\t<ul class=\"elementor-icon-list-items elementor-inline-items\">\n\t\t\t\t\t\t\t<li class=\"elementor-icon-list-item elementor-inline-item\">\n\t\t\t\t\t\t\t\t\t\t\t<span class=\"elementor-icon-list-icon\">\n\t\t\t\t\t\t\t<i aria-hidden=\"true\" class=\"fas fa-phone\"><\/i>\t\t\t\t\t\t<\/span>\n\t\t\t\t\t\t\t\t\t\t<span class=\"elementor-icon-list-text\">07 83 59 83 65<\/span>\n\t\t\t\t\t\t\t\t\t<\/li>\n\t\t\t\t\t\t\t\t<li class=\"elementor-icon-list-item elementor-inline-item\">\n\t\t\t\t\t\t\t\t\t\t\t<span class=\"elementor-icon-list-icon\">\n\t\t\t\t\t\t\t<i aria-hidden=\"true\" class=\"fas fa-envelope\"><\/i>\t\t\t\t\t\t<\/span>\n\t\t\t\t\t\t\t\t\t\t<span class=\"elementor-icon-list-text\">audrey.montel.psychologue@gmail.com<\/span>\n\t\t\t\t\t\t\t\t\t<\/li>\n\t\t\t\t\t\t\t\t<li class=\"elementor-icon-list-item elementor-inline-item\">\n\t\t\t\t\t<a href=\"https:\/\/www.google.com\/maps\/place\/Audrey+MONTEL+Psychologue\/@46.9916649,3.1561102,15z\/data=!4m5!3m4!1s0x0:0x5518aac344744b44!8m2!3d46.9916649!4d3.1561102\">\t\t\t\t\t\t<span class=\"elementor-icon-list-icon\">\n\t\t\t\t\t\t\t<i aria-hidden=\"true\" class=\"fas fa-map-marker-alt\"><\/i>\t\t\t\t\t\t<\/span>\n\t\t\t\t\t\t\t\t\t\t<span class=\"elementor-icon-list-text\">10 Rue de Lourdes, 58000 Nevers<\/span>\n\t\t\t\t\t\t\t\t\t\t\t<\/a>\n\t\t\t\t\t\t\t\t\t<\/li>\n\t\t\t\t\t\t<\/ul>\n\t\t\t\t<\/div>\n\t\t\t\t<\/div>\n\t\t\t\t\t<\/div>\n\t\t<\/div>\n\t\t\t\t\t\t\t<\/div>\n\t\t<\/section>\n\t\t\t\t\t\t<\/div>\n\t\t\t\t\t<\/div>\n\t\t","protected":false},"excerpt":{"rendered":"<p>Offre de soin \u00a0Th\u00e9rapie individuelle Th\u00e9rapie se d\u00e9roulant en face \u00e0 face. Elle vise une am\u00e9lioration de la qualit\u00e9 de vie de la personne. \u00a0 Th\u00e9rapie de couple\u00a0 Th\u00e9rapie s&rsquo;adressant aux deux membres d&rsquo;un couple dans le but de favoriser l&rsquo;\u00e9mergence d&rsquo;une nouvelle forme de communication plus harmonieuse et plus sereine.\u00a0 \u00a0 Th\u00e9rapie Familiale\u00a0 Prise [&hellip;]<\/p>\n","protected":false},"author":1,"featured_media":0,"parent":0,"menu_order":0,"comment_status":"closed","ping_status":"closed","template":"elementor_canvas","meta":{"footnotes":""},"_links":{"self":[{"href":"https:\/\/www.therapiefamiliale.fr\/index.php\/wp-json\/wp\/v2\/pages\/68"}],"collection":[{"href":"https:\/\/www.therapiefamiliale.fr\/index.php\/wp-json\/wp\/v2\/pages"}],"about":[{"href":"https:\/\/www.therapiefamiliale.fr\/index.php\/wp-json\/wp\/v2\/types\/page"}],"author":[{"embeddable":true,"href":"https:\/\/www.therapiefamiliale.fr\/index.php\/wp-json\/wp\/v2\/users\/1"}],"replies":[{"embeddable":true,"href":"https:\/\/www.therapiefamiliale.fr\/index.php\/wp-json\/wp\/v2\/comments?post=68"}],"version-history":[{"count":68,"href":"https:\/\/www.therapiefamiliale.fr\/index.php\/wp-json\/wp\/v2\/pages\/68\/revisions"}],"predecessor-version":[{"id":498,"href":"https:\/\/www.therapiefamiliale.fr\/index.php\/wp-json\/wp\/v2\/pages\/68\/revisions\/498"}],"wp:attachment":[{"href":"https:\/\/www.therapiefamiliale.fr\/index.php\/wp-json\/wp\/v2\/media?parent=68"}],"curies":[{"name":"wp","href":"https:\/\/api.w.org\/{rel}","templated":true}]}}